{"id":724,"date":"2025-03-24T21:42:13","date_gmt":"2025-03-24T20:42:13","guid":{"rendered":"https:\/\/sparklingconseils.com\/?page_id=724"},"modified":"2025-04-15T18:48:41","modified_gmt":"2025-04-15T16:48:41","slug":"mentions-legales","status":"publish","type":"page","link":"https:\/\/sparklingconseils.com\/?page_id=724","title":{"rendered":"MENTIONS LEGALES"},"content":{"rendered":"\n<h2 class=\"wp-block-heading has-text-align-center\">Mentions l\u00e9gales<\/h2>\n\n\n<div class=\"wp-block-image\">\n<figure class=\"aligncenter size-large is-resized has-custom-border\"><img loading=\"lazy\" decoding=\"async\" width=\"1024\" height=\"438\" src=\"http:\/\/sparklingconseils.com\/wp-content\/uploads\/2025\/03\/Photo-Mentions-legales-1024x438.jpg\" alt=\"\" class=\"wp-image-101\" style=\"border-style:none;border-width:0px;border-radius:10px;width:1000px\" srcset=\"https:\/\/sparklingconseils.com\/wp-content\/uploads\/2025\/03\/Photo-Mentions-legales-1024x438.jpg 1024w, https:\/\/sparklingconseils.com\/wp-content\/uploads\/2025\/03\/Photo-Mentions-legales-300x128.jpg 300w, https:\/\/sparklingconseils.com\/wp-content\/uploads\/2025\/03\/Photo-Mentions-legales-768x328.jpg 768w, https:\/\/sparklingconseils.com\/wp-content\/uploads\/2025\/03\/Photo-Mentions-legales-1536x656.jpg 1536w, https:\/\/sparklingconseils.com\/wp-content\/uploads\/2025\/03\/Photo-Mentions-legales-2048x875.jpg 2048w\" sizes=\"auto, (max-width: 1024px) 100vw, 1024px\" \/><\/figure>\n<\/div>\n\n\n<p class=\"has-small-font-size\"><strong>Propri\u00e9taire et \u00e9diteur du site<\/strong><br>Nom commercial : Sparkling Conseils<br>Pauline ALIX<br>83 place d\u2019Acadie 34000 Montpellier<br>Email :&nbsp; contact&amp;sparklingconseils.com<\/p>\n\n\n\n<p class=\"has-small-font-size\"><strong>Cr\u00e9ateur du site<\/strong><br>HURION Sean<br>Entreprise: softwebservices<br>Email :\u00a0 softwebservices34@gmail.com<\/p>\n\n\n\n<p class=\"has-small-font-size\"><strong>H\u00e9bergement<\/strong><br>OVH<br>sise 2, rue Kellermann, 59100 Roubaix.<br>N\u00b0 SiRET537 407 926<\/p>\n\n\n\n<p class=\"has-small-font-size\"><strong>Propri\u00e9t\u00e9 intellectuelle<\/strong><br>Tout le contenu pr\u00e9sent sur ce site est prot\u00e9g\u00e9 par le droit d&rsquo;auteur et la propri\u00e9t\u00e9 intellectuelle. Toute reproduction ou diffusion sans autorisation est interdite.<\/p>\n\n\n\n<p class=\"has-small-font-size\"><strong>Protection des donn\u00e9es<\/strong><br>Les donn\u00e9es personnelles collect\u00e9es sur ce site sont trait\u00e9es conform\u00e9ment \u00e0 la r\u00e9glementation en vigueur. L&rsquo;utilisateur dispose d&rsquo;un droit d&rsquo;acc\u00e8s, de rectification et de suppression de ses donn\u00e9es sur simple demande \u00e0 contact@sparklingconseils.com.<\/p>\n\n\n\n<p class=\"has-small-font-size\"><strong>Responsabilit\u00e9<\/strong><br>L&rsquo;\u00e9diteur du site ne saurait \u00eatre tenu responsable des \u00e9ventuelles erreurs ou omissions dans les informations fournies ni des cons\u00e9quences de leur utilisation.<\/p>\n\n\n\n<p class=\"has-small-font-size\"><strong>Contact<\/strong><br>Pour toute question, vous pouvez contacter le support \u00e0 l&rsquo;adresse suivante : contact@sparklingconseils.com<\/p>\n","protected":false},"excerpt":{"rendered":"<p>Mentions l\u00e9gales Propri\u00e9taire et \u00e9diteur du siteNom commercial : Sparkling ConseilsPauline ALIX83 place d\u2019Acadie 34000 MontpellierEmail :&nbsp; contact&amp;sparklingconseils.com Cr\u00e9ateur du siteHURION SeanEntreprise: softwebservicesEmail :\u00a0 softwebservices34@gmail.com H\u00e9bergementOVHsise 2, rue Kellermann, 59100 Roubaix.N\u00b0 SiRET537 407 926 Propri\u00e9t\u00e9 intellectuelleTout le contenu pr\u00e9sent sur ce site est prot\u00e9g\u00e9 par le droit d&rsquo;auteur et la propri\u00e9t\u00e9 intellectuelle. Toute reproduction ou&#8230;<\/p>\n","protected":false},"author":1,"featured_media":0,"parent":0,"menu_order":0,"comment_status":"closed","ping_status":"closed","template":"","meta":{"_kad_post_transparent":"","_kad_post_title":"","_kad_post_layout":"","_kad_post_sidebar_id":"","_kad_post_content_style":"","_kad_post_vertical_padding":"","_kad_post_feature":"","_kad_post_feature_position":"","_kad_post_header":false,"_kad_post_footer":false,"footnotes":""},"class_list":["post-724","page","type-page","status-publish","hentry"],"featured_image_src":null,"yoast_head":"<!-- This site is optimized with the Yoast SEO plugin v27.3 - https:\/\/yoast.com\/product\/yoast-seo-wordpress\/ -->\n<title>MENTIONS LEGALES - sparklingconseils<\/title>\n<meta name=\"description\" content=\"MENTIONS LEGALES sparklingconseils -\" \/>\n<meta name=\"robots\" content=\"index, follow, max-snippet:-1, max-image-preview:large, max-video-preview:-1\" \/>\n<link rel=\"canonical\" href=\"https:\/\/sparklingconseils.com\/?page_id=724\" \/>\n<meta property=\"og:locale\" content=\"fr_FR\" \/>\n<meta property=\"og:type\" content=\"article\" \/>\n<meta property=\"og:title\" content=\"MENTIONS LEGALES - sparklingconseils\" \/>\n<meta property=\"og:description\" content=\"MENTIONS LEGALES sparklingconseils -\" \/>\n<meta property=\"og:url\" content=\"https:\/\/sparklingconseils.com\/?page_id=724\" \/>\n<meta property=\"og:site_name\" content=\"sparklingconseils\" \/>\n<meta property=\"article:publisher\" content=\"https:\/\/www.facebook.com\/p\/Sparkling-Conseils-61571763194408\/\" \/>\n<meta property=\"article:modified_time\" content=\"2025-04-15T16:48:41+00:00\" \/>\n<meta property=\"og:image\" content=\"https:\/\/sparklingconseils.com\/wp-content\/uploads\/2025\/03\/Photo-Mentions-legales-scaled.jpg\" \/>\n\t<meta property=\"og:image:width\" content=\"2560\" \/>\n\t<meta property=\"og:image:height\" content=\"1094\" \/>\n\t<meta property=\"og:image:type\" content=\"image\/jpeg\" \/>\n<meta name=\"twitter:card\" content=\"summary_large_image\" \/>\n<meta name=\"twitter:label1\" content=\"Dur\u00e9e de lecture estim\u00e9e\" \/>\n\t<meta name=\"twitter:data1\" content=\"1 minute\" \/>\n<script type=\"application\/ld+json\" class=\"yoast-schema-graph\">{\"@context\":\"https:\\\/\\\/schema.org\",\"@graph\":[{\"@type\":\"WebPage\",\"@id\":\"https:\\\/\\\/sparklingconseils.com\\\/?page_id=724\",\"url\":\"https:\\\/\\\/sparklingconseils.com\\\/?page_id=724\",\"name\":\"MENTIONS LEGALES - sparklingconseils\",\"isPartOf\":{\"@id\":\"https:\\\/\\\/sparklingconseils.com\\\/#website\"},\"primaryImageOfPage\":{\"@id\":\"https:\\\/\\\/sparklingconseils.com\\\/?page_id=724#primaryimage\"},\"image\":{\"@id\":\"https:\\\/\\\/sparklingconseils.com\\\/?page_id=724#primaryimage\"},\"thumbnailUrl\":\"http:\\\/\\\/sparklingconseils.com\\\/wp-content\\\/uploads\\\/2025\\\/03\\\/Photo-Mentions-legales-1024x438.jpg\",\"datePublished\":\"2025-03-24T20:42:13+00:00\",\"dateModified\":\"2025-04-15T16:48:41+00:00\",\"description\":\"MENTIONS LEGALES sparklingconseils -\",\"breadcrumb\":{\"@id\":\"https:\\\/\\\/sparklingconseils.com\\\/?page_id=724#breadcrumb\"},\"inLanguage\":\"fr-FR\",\"potentialAction\":[{\"@type\":\"ReadAction\",\"target\":[\"https:\\\/\\\/sparklingconseils.com\\\/?page_id=724\"]}]},{\"@type\":\"ImageObject\",\"inLanguage\":\"fr-FR\",\"@id\":\"https:\\\/\\\/sparklingconseils.com\\\/?page_id=724#primaryimage\",\"url\":\"https:\\\/\\\/sparklingconseils.com\\\/wp-content\\\/uploads\\\/2025\\\/03\\\/Photo-Mentions-legales-scaled.jpg\",\"contentUrl\":\"https:\\\/\\\/sparklingconseils.com\\\/wp-content\\\/uploads\\\/2025\\\/03\\\/Photo-Mentions-legales-scaled.jpg\",\"width\":2560,\"height\":1094},{\"@type\":\"BreadcrumbList\",\"@id\":\"https:\\\/\\\/sparklingconseils.com\\\/?page_id=724#breadcrumb\",\"itemListElement\":[{\"@type\":\"ListItem\",\"position\":1,\"name\":\"Accueil\",\"item\":\"https:\\\/\\\/sparklingconseils.com\\\/\"},{\"@type\":\"ListItem\",\"position\":2,\"name\":\"MENTIONS LEGALES\"}]},{\"@type\":\"WebSite\",\"@id\":\"https:\\\/\\\/sparklingconseils.com\\\/#website\",\"url\":\"https:\\\/\\\/sparklingconseils.com\\\/\",\"name\":\"sparklingconseils\",\"description\":\"Formation et accompagnement pour investir dans l&#039;immobilier\",\"publisher\":{\"@id\":\"https:\\\/\\\/sparklingconseils.com\\\/#organization\"},\"potentialAction\":[{\"@type\":\"SearchAction\",\"target\":{\"@type\":\"EntryPoint\",\"urlTemplate\":\"https:\\\/\\\/sparklingconseils.com\\\/?s={search_term_string}\"},\"query-input\":{\"@type\":\"PropertyValueSpecification\",\"valueRequired\":true,\"valueName\":\"search_term_string\"}}],\"inLanguage\":\"fr-FR\"},{\"@type\":\"Organization\",\"@id\":\"https:\\\/\\\/sparklingconseils.com\\\/#organization\",\"name\":\"sparklingconseils\",\"url\":\"https:\\\/\\\/sparklingconseils.com\\\/\",\"logo\":{\"@type\":\"ImageObject\",\"inLanguage\":\"fr-FR\",\"@id\":\"https:\\\/\\\/sparklingconseils.com\\\/#\\\/schema\\\/logo\\\/image\\\/\",\"url\":\"https:\\\/\\\/sparklingconseils.com\\\/wp-content\\\/uploads\\\/2025\\\/03\\\/cropped-Logo-rouge-Sparkling-CONSEILS.png\",\"contentUrl\":\"https:\\\/\\\/sparklingconseils.com\\\/wp-content\\\/uploads\\\/2025\\\/03\\\/cropped-Logo-rouge-Sparkling-CONSEILS.png\",\"width\":500,\"height\":248,\"caption\":\"sparklingconseils\"},\"image\":{\"@id\":\"https:\\\/\\\/sparklingconseils.com\\\/#\\\/schema\\\/logo\\\/image\\\/\"},\"sameAs\":[\"https:\\\/\\\/www.facebook.com\\\/p\\\/Sparkling-Conseils-61571763194408\\\/\",\"https:\\\/\\\/www.instagram.com\\\/sparkling.conseils\\\/\",\"https:\\\/\\\/www.tiktok.com\\\/@sparklingconseils\"]}]}<\/script>\n<!-- \/ Yoast SEO plugin. -->","yoast_head_json":{"title":"MENTIONS LEGALES - sparklingconseils","description":"MENTIONS LEGALES sparklingconseils -","robots":{"index":"index","follow":"follow","max-snippet":"max-snippet:-1","max-image-preview":"max-image-preview:large","max-video-preview":"max-video-preview:-1"},"canonical":"https:\/\/sparklingconseils.com\/?page_id=724","og_locale":"fr_FR","og_type":"article","og_title":"MENTIONS LEGALES - sparklingconseils","og_description":"MENTIONS LEGALES sparklingconseils -","og_url":"https:\/\/sparklingconseils.com\/?page_id=724","og_site_name":"sparklingconseils","article_publisher":"https:\/\/www.facebook.com\/p\/Sparkling-Conseils-61571763194408\/","article_modified_time":"2025-04-15T16:48:41+00:00","og_image":[{"width":2560,"height":1094,"url":"https:\/\/sparklingconseils.com\/wp-content\/uploads\/2025\/03\/Photo-Mentions-legales-scaled.jpg","type":"image\/jpeg"}],"twitter_card":"summary_large_image","twitter_misc":{"Dur\u00e9e de lecture estim\u00e9e":"1 minute"},"schema":{"@context":"https:\/\/schema.org","@graph":[{"@type":"WebPage","@id":"https:\/\/sparklingconseils.com\/?page_id=724","url":"https:\/\/sparklingconseils.com\/?page_id=724","name":"MENTIONS LEGALES - sparklingconseils","isPartOf":{"@id":"https:\/\/sparklingconseils.com\/#website"},"primaryImageOfPage":{"@id":"https:\/\/sparklingconseils.com\/?page_id=724#primaryimage"},"image":{"@id":"https:\/\/sparklingconseils.com\/?page_id=724#primaryimage"},"thumbnailUrl":"http:\/\/sparklingconseils.com\/wp-content\/uploads\/2025\/03\/Photo-Mentions-legales-1024x438.jpg","datePublished":"2025-03-24T20:42:13+00:00","dateModified":"2025-04-15T16:48:41+00:00","description":"MENTIONS LEGALES sparklingconseils -","breadcrumb":{"@id":"https:\/\/sparklingconseils.com\/?page_id=724#breadcrumb"},"inLanguage":"fr-FR","potentialAction":[{"@type":"ReadAction","target":["https:\/\/sparklingconseils.com\/?page_id=724"]}]},{"@type":"ImageObject","inLanguage":"fr-FR","@id":"https:\/\/sparklingconseils.com\/?page_id=724#primaryimage","url":"https:\/\/sparklingconseils.com\/wp-content\/uploads\/2025\/03\/Photo-Mentions-legales-scaled.jpg","contentUrl":"https:\/\/sparklingconseils.com\/wp-content\/uploads\/2025\/03\/Photo-Mentions-legales-scaled.jpg","width":2560,"height":1094},{"@type":"BreadcrumbList","@id":"https:\/\/sparklingconseils.com\/?page_id=724#breadcrumb","itemListElement":[{"@type":"ListItem","position":1,"name":"Accueil","item":"https:\/\/sparklingconseils.com\/"},{"@type":"ListItem","position":2,"name":"MENTIONS LEGALES"}]},{"@type":"WebSite","@id":"https:\/\/sparklingconseils.com\/#website","url":"https:\/\/sparklingconseils.com\/","name":"sparklingconseils","description":"Formation et accompagnement pour investir dans l&#039;immobilier","publisher":{"@id":"https:\/\/sparklingconseils.com\/#organization"},"potentialAction":[{"@type":"SearchAction","target":{"@type":"EntryPoint","urlTemplate":"https:\/\/sparklingconseils.com\/?s={search_term_string}"},"query-input":{"@type":"PropertyValueSpecification","valueRequired":true,"valueName":"search_term_string"}}],"inLanguage":"fr-FR"},{"@type":"Organization","@id":"https:\/\/sparklingconseils.com\/#organization","name":"sparklingconseils","url":"https:\/\/sparklingconseils.com\/","logo":{"@type":"ImageObject","inLanguage":"fr-FR","@id":"https:\/\/sparklingconseils.com\/#\/schema\/logo\/image\/","url":"https:\/\/sparklingconseils.com\/wp-content\/uploads\/2025\/03\/cropped-Logo-rouge-Sparkling-CONSEILS.png","contentUrl":"https:\/\/sparklingconseils.com\/wp-content\/uploads\/2025\/03\/cropped-Logo-rouge-Sparkling-CONSEILS.png","width":500,"height":248,"caption":"sparklingconseils"},"image":{"@id":"https:\/\/sparklingconseils.com\/#\/schema\/logo\/image\/"},"sameAs":["https:\/\/www.facebook.com\/p\/Sparkling-Conseils-61571763194408\/","https:\/\/www.instagram.com\/sparkling.conseils\/","https:\/\/www.tiktok.com\/@sparklingconseils"]}]}},"_links":{"self":[{"href":"https:\/\/sparklingconseils.com\/index.php?rest_route=\/wp\/v2\/pages\/724","targetHints":{"allow":["GET"]}}],"collection":[{"href":"https:\/\/sparklingconseils.com\/index.php?rest_route=\/wp\/v2\/pages"}],"about":[{"href":"https:\/\/sparklingconseils.com\/index.php?rest_route=\/wp\/v2\/types\/page"}],"author":[{"embeddable":true,"href":"https:\/\/sparklingconseils.com\/index.php?rest_route=\/wp\/v2\/users\/1"}],"replies":[{"embeddable":true,"href":"https:\/\/sparklingconseils.com\/index.php?rest_route=%2Fwp%2Fv2%2Fcomments&post=724"}],"version-history":[{"count":9,"href":"https:\/\/sparklingconseils.com\/index.php?rest_route=\/wp\/v2\/pages\/724\/revisions"}],"predecessor-version":[{"id":1022,"href":"https:\/\/sparklingconseils.com\/index.php?rest_route=\/wp\/v2\/pages\/724\/revisions\/1022"}],"wp:attachment":[{"href":"https:\/\/sparklingconseils.com\/index.php?rest_route=%2Fwp%2Fv2%2Fmedia&parent=724"}],"curies":[{"name":"wp","href":"https:\/\/api.w.org\/{rel}","templated":true}]}}