{"id":204,"date":"2025-03-14T10:35:37","date_gmt":"2025-03-14T09:35:37","guid":{"rendered":"https:\/\/sparklingconseils.com\/?page_id=204"},"modified":"2025-09-28T10:06:53","modified_gmt":"2025-09-28T08:06:53","slug":"mon-histoire-v2","status":"publish","type":"page","link":"https:\/\/sparklingconseils.com\/?page_id=204","title":{"rendered":"MON HISTOIRE"},"content":{"rendered":"\n<h2 class=\"wp-block-heading has-text-align-center\">Mon Histoire<\/h2>\n\n\n\n<div class=\"wp-block-media-text alignfull is-stacked-on-mobile aos-fade-left\" style=\"border-style:none;border-width:0px;border-radius:0px\"><figure class=\"wp-block-media-text__media\"><img loading=\"lazy\" decoding=\"async\" width=\"1024\" height=\"683\" src=\"http:\/\/sparklingconseils.com\/wp-content\/uploads\/2025\/01\/MG_0148-copie-2-1024x683.jpg\" alt=\"\" class=\"wp-image-85 size-full\" srcset=\"https:\/\/sparklingconseils.com\/wp-content\/uploads\/2025\/01\/MG_0148-copie-2-1024x683.jpg 1024w, https:\/\/sparklingconseils.com\/wp-content\/uploads\/2025\/01\/MG_0148-copie-2-300x200.jpg 300w, https:\/\/sparklingconseils.com\/wp-content\/uploads\/2025\/01\/MG_0148-copie-2-768x512.jpg 768w, https:\/\/sparklingconseils.com\/wp-content\/uploads\/2025\/01\/MG_0148-copie-2-1536x1024.jpg 1536w, https:\/\/sparklingconseils.com\/wp-content\/uploads\/2025\/01\/MG_0148-copie-2-2048x1365.jpg 2048w\" sizes=\"auto, (max-width: 1024px) 100vw, 1024px\" \/><\/figure><div class=\"wp-block-media-text__content\">\n<p><\/p>\n\n\n\n<p class=\"has-small-font-size\"><strong>Mon histoire est classique<\/strong>, et peut-\u00eatre qu\u2019elle fera \u00e9cho \u00e0 la tienne.<br>Comme beaucoup, j\u2019ai suivi le chemin trac\u00e9 par mes parents :<br>\u00ab Il faut bien travailler \u00e0 l\u2019\u00e9cole, obtenir un Bac+5, d\u00e9crocher un emploi stable et bien r\u00e9mun\u00e9r\u00e9. \u00bb<\/p>\n\n\n\n<p class=\"has-small-font-size\">En 2014, je coche toutes les cases : dipl\u00f4m\u00e9e d\u2019une \u00e9cole de commerce, je trouve mon premier emploi dans l\u2019audit financier. Pendant quatre ans, je travaille beaucoup, soirs et week-ends, je suis pay\u00e9e au lance-pierre, mais j\u2019adore \u00e7a.<\/p>\n\n\n\n<p class=\"has-small-font-size\">Je deviens pour la premi\u00e8re fois <strong>propri\u00e9taire<\/strong><\/p>\n\n\n\n<hr class=\"wp-block-separator has-alpha-channel-opacity\"\/>\n<\/div><\/div>\n\n\n\n<div class=\"wp-block-media-text alignfull has-media-on-the-right is-stacked-on-mobile aos-fade-right\" style=\"border-style:none;border-width:0px;border-radius:0px;grid-template-columns:auto 25%\"><div class=\"wp-block-media-text__content\">\n<p><\/p>\n\n\n\n<p class=\"has-small-font-size\">Puis, je d\u00e9cide de m\u2019installer dans le sud de la France.<\/p>\n\n\n\n<p class=\"has-small-font-size\">J\u2019int\u00e8gre une des plus grandes PME de la r\u00e9gion en tant que <strong>contr\u00f4leuse de gestion<\/strong>, puis je suis<br>d\u00e9bauch\u00e9e par une <strong>multinationale audiovisuelle<\/strong>. Sur le papier, j\u2019ai \u00ab\u00a0r\u00e9ussi\u00a0\u00bb.<br>En r\u00e9alit\u00e9, je d\u00e9teste chaque minute\u2026<\/p>\n\n\n\n<p class=\"has-small-font-size\">Une id\u00e9e ne me quitte pas : <strong>pourquoi passe-t-on autant de temps \u00e0 travailler pour un salaire qui ne<br>nous permet pas de vivre pleinement ? <\/strong>Je ne veux pas me contenter d\u2019un salaire qui couvre mes factures<br>et d\u2019un job qui ne me laisse pas le temps de profiter de ma famille, mes amis et des activit\u00e9s que j\u2019adore faire.<\/p>\n\n\n\n<p class=\"has-small-font-size\">Je me sens dans une cage\u2026 La fameuse <strong>\u201crat race\u201d<\/strong> !<\/p>\n\n\n\n<hr class=\"wp-block-separator has-alpha-channel-opacity\"\/>\n<\/div><figure class=\"wp-block-media-text__media\"><img loading=\"lazy\" decoding=\"async\" width=\"683\" height=\"1024\" src=\"http:\/\/sparklingconseils.com\/wp-content\/uploads\/2025\/04\/Pauline-43-683x1024.jpg\" alt=\"\" class=\"wp-image-1025 size-full\" srcset=\"https:\/\/sparklingconseils.com\/wp-content\/uploads\/2025\/04\/Pauline-43-683x1024.jpg 683w, https:\/\/sparklingconseils.com\/wp-content\/uploads\/2025\/04\/Pauline-43-200x300.jpg 200w, https:\/\/sparklingconseils.com\/wp-content\/uploads\/2025\/04\/Pauline-43-768x1152.jpg 768w, https:\/\/sparklingconseils.com\/wp-content\/uploads\/2025\/04\/Pauline-43-1024x1536.jpg 1024w, https:\/\/sparklingconseils.com\/wp-content\/uploads\/2025\/04\/Pauline-43-1365x2048.jpg 1365w, https:\/\/sparklingconseils.com\/wp-content\/uploads\/2025\/04\/Pauline-43-scaled.jpg 1707w\" sizes=\"auto, (max-width: 683px) 100vw, 683px\" \/><\/figure><\/div>\n\n\n\n<div class=\"wp-block-media-text alignfull is-stacked-on-mobile aos-fade-left\" style=\"border-style:none;border-width:0px;border-radius:0px;grid-template-columns:32% auto\"><figure class=\"wp-block-media-text__media\"><img loading=\"lazy\" decoding=\"async\" width=\"683\" height=\"1024\" src=\"http:\/\/sparklingconseils.com\/wp-content\/uploads\/2025\/01\/IMG_0560-683x1024.jpg\" alt=\"\" class=\"wp-image-80 size-full\" srcset=\"https:\/\/sparklingconseils.com\/wp-content\/uploads\/2025\/01\/IMG_0560-683x1024.jpg 683w, https:\/\/sparklingconseils.com\/wp-content\/uploads\/2025\/01\/IMG_0560-200x300.jpg 200w, https:\/\/sparklingconseils.com\/wp-content\/uploads\/2025\/01\/IMG_0560-768x1152.jpg 768w, https:\/\/sparklingconseils.com\/wp-content\/uploads\/2025\/01\/IMG_0560-1024x1536.jpg 1024w, https:\/\/sparklingconseils.com\/wp-content\/uploads\/2025\/01\/IMG_0560-1365x2048.jpg 1365w, https:\/\/sparklingconseils.com\/wp-content\/uploads\/2025\/01\/IMG_0560-scaled.jpg 1707w\" sizes=\"auto, (max-width: 683px) 100vw, 683px\" \/><\/figure><div class=\"wp-block-media-text__content\">\n<p><\/p>\n\n\n\n<p class=\"has-small-font-size\">En 2019, je commence \u00e0 <strong>investir <\/strong>dans l\u2019immobilier, prudemment, tout en me formant sur la psychologie et <strong>d\u00e9veloppement personnel<\/strong> . Plus j\u2019avance, plus je r\u00e9alise que l\u2019immobilier est bien <strong>plus accessible qu\u2019on<br>ne veut nous le faire croire.<\/strong><\/p>\n\n\n\n<p class=\"has-text-align-left has-small-font-size\">En Mars 2024, je prends conscience de ce que je veux r\u00e9ellement :<\/p>\n\n\n\n<div class=\"wp-block-group has-small-font-size\"><div class=\"wp-block-group__inner-container is-layout-constrained wp-block-group-is-layout-constrained\"><ul style=\"padding-left: 0px; padding-right: 0px; text-align: left; --ub-list-item-icon-top: 3px;; --ub-list-item-icon-size: 0.9em; --ub-list-item-background-image: url('data:image\/svg+xml;utf8,&lt;svg xmlns=&quot;http:\/\/www.w3.org\/2000\/svg&quot; viewBox=&quot;0 0 512 512&quot;&gt;&lt;path fill=&quot;%23000000&quot; d=&quot;M470.6 105.4c12.5 12.5 12.5 32.8 0 45.3l-256 256c-12.5 12.5-32.8 12.5-45.3 0l-128-128c-12.5-12.5-12.5-32.8 0-45.3s32.8-12.5 45.3 0L192 338.7 425.4 105.4c12.5-12.5 32.8-12.5 45.3 0z&quot;&gt;&lt;\/path&gt;&lt;\/svg&gt;'); --ub-list-item-fa-li-top: 3px; --ub-list-item-spacing: 0px; \" class=\"wp-block-ub-styled-list ub_styled_list ub-list-alignment-center\" id=\"ub_styled_list-49c0bc06-fe6d-4753-a08c-feea3a8d740e\"><div class=\"ub-block-list__layout\" style=\"text-align: left; column-count: 1; --ub-list-mobile-column-count: 1; width: fit-content; margin-right: auto; margin-left: auto; \">\n<li class=\"ub_styled_list_item\" style=\"--ub-list-item-icon-top: 3px; --ub-list-item-icon-size: 0.9em; --ub-list-item-background-image: url('data:image\/svg+xml;utf8,&lt;svg xmlns=&quot;http:\/\/www.w3.org\/2000\/svg&quot; viewBox=&quot;0 0 512 512&quot;&gt;&lt;path fill=&quot;%23000000&quot; d=&quot;M470.6 105.4c12.5 12.5 12.5 32.8 0 45.3l-256 256c-12.5 12.5-32.8 12.5-45.3 0l-128-128c-12.5-12.5-12.5-32.8 0-45.3s32.8-12.5 45.3 0L192 338.7 425.4 105.4c12.5-12.5 32.8-12.5 45.3 0z&quot;&gt;&lt;\/path&gt;&lt;\/svg&gt;'); \" id=\"ub-styled-list-item-abf3c3d6-e3e5-42ad-9210-e38e05564cab\">\n\t\t\t<div class=\"ub_list_item_content\">\n\t\t\t\t<span class=\"ub_list_item_icon\">\n\t\t\t\t\t<svg width=\"0.9em\" height=\"0.9em\" xmlns=\"http:\/\/www.w3.org\/2000\/svg\" viewbox=\"0 0 512 512\"><path fill=\"#000000\" d=\"M470.6 105.4c12.5 12.5 12.5 32.8 0 45.3l-256 256c-12.5 12.5-32.8 12.5-45.3 0l-128-128c-12.5-12.5-12.5-32.8 0-45.3s32.8-12.5 45.3 0L192 338.7 425.4 105.4c12.5-12.5 32.8-12.5 45.3 0z\"><\/path><\/svg>\n\t\t\t\t<\/span>\n\t\t\t\t<span class=\"ub_list_item_text\">Aider ceux qui veulent investir mais qui pensent ne pas en \u00eatre capables.<\/span>\n\t\t\t<\/div>\n\t\t\t\n\t\t<\/li>\n\n<li class=\"ub_styled_list_item\" style=\"--ub-list-item-icon-top: 3px; --ub-list-item-icon-size: 0.9em; --ub-list-item-background-image: url('data:image\/svg+xml;utf8,&lt;svg xmlns=&quot;http:\/\/www.w3.org\/2000\/svg&quot; viewBox=&quot;0 0 512 512&quot;&gt;&lt;path fill=&quot;%23000000&quot; d=&quot;M470.6 105.4c12.5 12.5 12.5 32.8 0 45.3l-256 256c-12.5 12.5-32.8 12.5-45.3 0l-128-128c-12.5-12.5-12.5-32.8 0-45.3s32.8-12.5 45.3 0L192 338.7 425.4 105.4c12.5-12.5 32.8-12.5 45.3 0z&quot;&gt;&lt;\/path&gt;&lt;\/svg&gt;'); \" id=\"ub-styled-list-item-fa357c5c-7ab7-4779-b68a-d643334bf4e8\">\n\t\t\t<div class=\"ub_list_item_content\">\n\t\t\t\t<span class=\"ub_list_item_icon\">\n\t\t\t\t\t<svg width=\"0.9em\" height=\"0.9em\" xmlns=\"http:\/\/www.w3.org\/2000\/svg\" viewbox=\"0 0 512 512\"><path fill=\"#000000\" d=\"M470.6 105.4c12.5 12.5 12.5 32.8 0 45.3l-256 256c-12.5 12.5-32.8 12.5-45.3 0l-128-128c-12.5-12.5-12.5-32.8 0-45.3s32.8-12.5 45.3 0L192 338.7 425.4 105.4c12.5-12.5 32.8-12.5 45.3 0z\"><\/path><\/svg>\n\t\t\t\t<\/span>\n\t\t\t\t<span class=\"ub_list_item_text\">D\u00e9velopper mon patrimoine et ne plus d\u00e9pendre d\u2019un patron.<\/span>\n\t\t\t<\/div>\n\t\t\t\n\t\t<\/li>\n\n<li class=\"ub_styled_list_item\" style=\"--ub-list-item-icon-top: 3px; --ub-list-item-icon-size: 0.9em; --ub-list-item-background-image: url('data:image\/svg+xml;utf8,&lt;svg xmlns=&quot;http:\/\/www.w3.org\/2000\/svg&quot; viewBox=&quot;0 0 512 512&quot;&gt;&lt;path fill=&quot;%23000000&quot; d=&quot;M470.6 105.4c12.5 12.5 12.5 32.8 0 45.3l-256 256c-12.5 12.5-32.8 12.5-45.3 0l-128-128c-12.5-12.5-12.5-32.8 0-45.3s32.8-12.5 45.3 0L192 338.7 425.4 105.4c12.5-12.5 32.8-12.5 45.3 0z&quot;&gt;&lt;\/path&gt;&lt;\/svg&gt;'); \" id=\"ub-styled-list-item-78eddfc1-aeb0-42b7-9721-a7272997cd7e\">\n\t\t\t<div class=\"ub_list_item_content\">\n\t\t\t\t<span class=\"ub_list_item_icon\">\n\t\t\t\t\t<svg width=\"0.9em\" height=\"0.9em\" xmlns=\"http:\/\/www.w3.org\/2000\/svg\" viewbox=\"0 0 512 512\"><path fill=\"#000000\" d=\"M470.6 105.4c12.5 12.5 12.5 32.8 0 45.3l-256 256c-12.5 12.5-32.8 12.5-45.3 0l-128-128c-12.5-12.5-12.5-32.8 0-45.3s32.8-12.5 45.3 0L192 338.7 425.4 105.4c12.5-12.5 32.8-12.5 45.3 0z\"><\/path><\/svg>\n\t\t\t\t<\/span>\n\t\t\t\t<span class=\"ub_list_item_text\">Avoir du temps pour mes proches et mes passions.<\/span>\n\t\t\t<\/div>\n\t\t\t\n\t\t<\/li>\n<\/div><\/ul><\/div><\/div>\n\n\n\n<hr class=\"wp-block-separator has-alpha-channel-opacity\"\/>\n<\/div><\/div>\n\n\n\n<div class=\"wp-block-columns is-layout-flex wp-container-core-columns-is-layout-9d6595d7 wp-block-columns-is-layout-flex\">\n<div class=\"wp-block-column is-layout-flow wp-block-column-is-layout-flow\"><\/div>\n\n\n\n<div class=\"wp-block-column aos-fade-down is-layout-flow wp-block-column-is-layout-flow\" style=\"flex-basis:800px\">\n<h2 class=\"wp-block-heading has-text-align-center has-large-font-size\">C\u2019est ainsi que na\u00eet Sparkling Conseils&#8230;<\/h2>\n\n\n\n<p class=\"has-text-align-center has-small-font-size\">Un accompagnement pour ceux qui d\u00e9butent, qui h\u00e9sitent, qui doutent, qui n\u2019ont pas grandi avec des mod\u00e8les d\u2019investisseurs autour d\u2019eux mais qui sont convaincus que leur libert\u00e9 est \u00e0 port\u00e9e de main.<\/p>\n\n\n\n<p class=\"has-text-align-center has-small-font-size\">Loin des discours qui vendent du r\u00eave, je sais que l\u2019immobilier n\u2019est pas un chemin pav\u00e9 d\u2019or pour tout le monde.<\/p>\n\n\n\n<p class=\"has-text-align-center has-small-font-size\">Lorsque j\u2019ai commenc\u00e9 \u00e0 m\u2019int\u00e9resser de plus pr\u00e8s aux investisseurs qui avaient r\u00e9ussi, je m\u2019inspirais de ceux qui poss\u00e9daient 50 biens ou \u00e9t\u00e9 millionnaire en 3 ans pour r\u00e9aliser que certains ont souvent b\u00e9n\u00e9fici\u00e9 d\u2019un cadre favorable : aides familiales, h\u00e9ritage, ou un r\u00e9seau bien en place. Je ne me retrouvais pas dans cette cat\u00e9gorie de personne, ils avaient toujours eu de l\u2019aide ext\u00e9rieure, moi pas. Et au final, ce n\u2019est pas une fatalit\u00e9, c\u2019est une force.<\/p>\n\n\n\n<p class=\"has-text-align-center has-small-font-size\">On peut partir de z\u00e9ro et construire pas \u00e0 pas un patrimoine solide.<\/p>\n\n\n\n<p class=\"has-text-align-center has-small-font-size\">C\u2019est cette vision que je veux transmettre\u2026<\/p>\n<\/div>\n\n\n\n<div class=\"wp-block-column is-layout-flow wp-block-column-is-layout-flow\"><\/div>\n<\/div>\n\n\n\n<div class=\"wp-block-media-text alignfull has-media-on-the-right is-stacked-on-mobile is-vertically-aligned-center is-style-default has-background\" style=\"background-color:#cfcabe;grid-template-columns:auto 21%\"><div class=\"wp-block-media-text__content\">\n<h3 class=\"wp-block-heading has-text-color\" style=\"color:#2136ab\">Devenir autonome<br>et se construire un patrimoine sereinement<\/h3>\n<\/div><figure class=\"wp-block-media-text__media\"><img loading=\"lazy\" decoding=\"async\" width=\"1024\" height=\"683\" src=\"http:\/\/sparklingconseils.com\/wp-content\/uploads\/2025\/01\/design-house-modern-villa-with-open-plan-living-private-bedroom-wing-large-terrace-with-privacy-1024x683.jpg\" alt=\"\" class=\"wp-image-34 size-full\" srcset=\"https:\/\/sparklingconseils.com\/wp-content\/uploads\/2025\/01\/design-house-modern-villa-with-open-plan-living-private-bedroom-wing-large-terrace-with-privacy-1024x683.jpg 1024w, https:\/\/sparklingconseils.com\/wp-content\/uploads\/2025\/01\/design-house-modern-villa-with-open-plan-living-private-bedroom-wing-large-terrace-with-privacy-300x200.jpg 300w, https:\/\/sparklingconseils.com\/wp-content\/uploads\/2025\/01\/design-house-modern-villa-with-open-plan-living-private-bedroom-wing-large-terrace-with-privacy-768x512.jpg 768w, https:\/\/sparklingconseils.com\/wp-content\/uploads\/2025\/01\/design-house-modern-villa-with-open-plan-living-private-bedroom-wing-large-terrace-with-privacy-1536x1024.jpg 1536w, https:\/\/sparklingconseils.com\/wp-content\/uploads\/2025\/01\/design-house-modern-villa-with-open-plan-living-private-bedroom-wing-large-terrace-with-privacy-2048x1365.jpg 2048w\" sizes=\"auto, (max-width: 1024px) 100vw, 1024px\" \/><\/figure><\/div>\n","protected":false},"excerpt":{"rendered":"<p>Mon Histoire C\u2019est ainsi que na\u00eet Sparkling Conseils&#8230; Un accompagnement pour ceux qui d\u00e9butent, qui h\u00e9sitent, qui doutent, qui n\u2019ont pas grandi avec des mod\u00e8les d\u2019investisseurs autour d\u2019eux mais qui sont convaincus que leur libert\u00e9 est \u00e0 port\u00e9e de main. Loin des discours qui vendent du r\u00eave, je sais que l\u2019immobilier n\u2019est pas un chemin&#8230;<\/p>\n","protected":false},"author":1,"featured_media":85,"parent":0,"menu_order":0,"comment_status":"closed","ping_status":"closed","template":"","meta":{"_kad_post_transparent":"","_kad_post_title":"","_kad_post_layout":"","_kad_post_sidebar_id":"","_kad_post_content_style":"","_kad_post_vertical_padding":"","_kad_post_feature":"","_kad_post_feature_position":"","_kad_post_header":false,"_kad_post_footer":false,"footnotes":""},"class_list":["post-204","page","type-page","status-publish","has-post-thumbnail","hentry"],"featured_image_src":"https:\/\/sparklingconseils.com\/wp-content\/uploads\/2025\/01\/MG_0148-copie-2-scaled.jpg","yoast_head":"<!-- This site is optimized with the Yoast SEO plugin v27.3 - https:\/\/yoast.com\/product\/yoast-seo-wordpress\/ -->\n<title>MON HISTOIRE - sparklingconseils<\/title>\n<meta name=\"description\" content=\"MON HISTOIRE sparklingconseils -\" \/>\n<meta name=\"robots\" content=\"index, follow, max-snippet:-1, max-image-preview:large, max-video-preview:-1\" \/>\n<link rel=\"canonical\" href=\"https:\/\/sparklingconseils.com\/?page_id=204\" \/>\n<meta property=\"og:locale\" content=\"fr_FR\" \/>\n<meta property=\"og:type\" content=\"article\" \/>\n<meta property=\"og:title\" content=\"MON HISTOIRE - sparklingconseils\" \/>\n<meta property=\"og:description\" content=\"MON HISTOIRE sparklingconseils -\" \/>\n<meta property=\"og:url\" content=\"https:\/\/sparklingconseils.com\/?page_id=204\" \/>\n<meta property=\"og:site_name\" content=\"sparklingconseils\" \/>\n<meta property=\"article:publisher\" content=\"https:\/\/www.facebook.com\/p\/Sparkling-Conseils-61571763194408\/\" \/>\n<meta property=\"article:modified_time\" content=\"2025-09-28T08:06:53+00:00\" \/>\n<meta property=\"og:image\" content=\"http:\/\/sparklingconseils.com\/wp-content\/uploads\/2025\/01\/MG_0148-copie-2-scaled.jpg\" \/>\n\t<meta property=\"og:image:width\" content=\"2560\" \/>\n\t<meta property=\"og:image:height\" content=\"1707\" \/>\n\t<meta property=\"og:image:type\" content=\"image\/jpeg\" \/>\n<meta name=\"twitter:card\" content=\"summary_large_image\" \/>\n<meta name=\"twitter:label1\" content=\"Dur\u00e9e de lecture estim\u00e9e\" \/>\n\t<meta name=\"twitter:data1\" content=\"4 minutes\" \/>\n<script type=\"application\/ld+json\" class=\"yoast-schema-graph\">{\"@context\":\"https:\\\/\\\/schema.org\",\"@graph\":[{\"@type\":\"WebPage\",\"@id\":\"https:\\\/\\\/sparklingconseils.com\\\/?page_id=204\",\"url\":\"https:\\\/\\\/sparklingconseils.com\\\/?page_id=204\",\"name\":\"MON HISTOIRE - sparklingconseils\",\"isPartOf\":{\"@id\":\"https:\\\/\\\/sparklingconseils.com\\\/#website\"},\"primaryImageOfPage\":{\"@id\":\"https:\\\/\\\/sparklingconseils.com\\\/?page_id=204#primaryimage\"},\"image\":{\"@id\":\"https:\\\/\\\/sparklingconseils.com\\\/?page_id=204#primaryimage\"},\"thumbnailUrl\":\"https:\\\/\\\/sparklingconseils.com\\\/wp-content\\\/uploads\\\/2025\\\/01\\\/MG_0148-copie-2-scaled.jpg\",\"datePublished\":\"2025-03-14T09:35:37+00:00\",\"dateModified\":\"2025-09-28T08:06:53+00:00\",\"description\":\"MON HISTOIRE sparklingconseils -\",\"breadcrumb\":{\"@id\":\"https:\\\/\\\/sparklingconseils.com\\\/?page_id=204#breadcrumb\"},\"inLanguage\":\"fr-FR\",\"potentialAction\":[{\"@type\":\"ReadAction\",\"target\":[\"https:\\\/\\\/sparklingconseils.com\\\/?page_id=204\"]}]},{\"@type\":\"ImageObject\",\"inLanguage\":\"fr-FR\",\"@id\":\"https:\\\/\\\/sparklingconseils.com\\\/?page_id=204#primaryimage\",\"url\":\"https:\\\/\\\/sparklingconseils.com\\\/wp-content\\\/uploads\\\/2025\\\/01\\\/MG_0148-copie-2-scaled.jpg\",\"contentUrl\":\"https:\\\/\\\/sparklingconseils.com\\\/wp-content\\\/uploads\\\/2025\\\/01\\\/MG_0148-copie-2-scaled.jpg\",\"width\":2560,\"height\":1707},{\"@type\":\"BreadcrumbList\",\"@id\":\"https:\\\/\\\/sparklingconseils.com\\\/?page_id=204#breadcrumb\",\"itemListElement\":[{\"@type\":\"ListItem\",\"position\":1,\"name\":\"Accueil\",\"item\":\"https:\\\/\\\/sparklingconseils.com\\\/\"},{\"@type\":\"ListItem\",\"position\":2,\"name\":\"MON HISTOIRE\"}]},{\"@type\":\"WebSite\",\"@id\":\"https:\\\/\\\/sparklingconseils.com\\\/#website\",\"url\":\"https:\\\/\\\/sparklingconseils.com\\\/\",\"name\":\"sparklingconseils\",\"description\":\"Formation et accompagnement pour investir dans l&#039;immobilier\",\"publisher\":{\"@id\":\"https:\\\/\\\/sparklingconseils.com\\\/#organization\"},\"potentialAction\":[{\"@type\":\"SearchAction\",\"target\":{\"@type\":\"EntryPoint\",\"urlTemplate\":\"https:\\\/\\\/sparklingconseils.com\\\/?s={search_term_string}\"},\"query-input\":{\"@type\":\"PropertyValueSpecification\",\"valueRequired\":true,\"valueName\":\"search_term_string\"}}],\"inLanguage\":\"fr-FR\"},{\"@type\":\"Organization\",\"@id\":\"https:\\\/\\\/sparklingconseils.com\\\/#organization\",\"name\":\"sparklingconseils\",\"url\":\"https:\\\/\\\/sparklingconseils.com\\\/\",\"logo\":{\"@type\":\"ImageObject\",\"inLanguage\":\"fr-FR\",\"@id\":\"https:\\\/\\\/sparklingconseils.com\\\/#\\\/schema\\\/logo\\\/image\\\/\",\"url\":\"https:\\\/\\\/sparklingconseils.com\\\/wp-content\\\/uploads\\\/2025\\\/03\\\/cropped-Logo-rouge-Sparkling-CONSEILS.png\",\"contentUrl\":\"https:\\\/\\\/sparklingconseils.com\\\/wp-content\\\/uploads\\\/2025\\\/03\\\/cropped-Logo-rouge-Sparkling-CONSEILS.png\",\"width\":500,\"height\":248,\"caption\":\"sparklingconseils\"},\"image\":{\"@id\":\"https:\\\/\\\/sparklingconseils.com\\\/#\\\/schema\\\/logo\\\/image\\\/\"},\"sameAs\":[\"https:\\\/\\\/www.facebook.com\\\/p\\\/Sparkling-Conseils-61571763194408\\\/\",\"https:\\\/\\\/www.instagram.com\\\/sparkling.conseils\\\/\",\"https:\\\/\\\/www.tiktok.com\\\/@sparklingconseils\"]}]}<\/script>\n<!-- \/ Yoast SEO plugin. -->","yoast_head_json":{"title":"MON HISTOIRE - sparklingconseils","description":"MON HISTOIRE sparklingconseils -","robots":{"index":"index","follow":"follow","max-snippet":"max-snippet:-1","max-image-preview":"max-image-preview:large","max-video-preview":"max-video-preview:-1"},"canonical":"https:\/\/sparklingconseils.com\/?page_id=204","og_locale":"fr_FR","og_type":"article","og_title":"MON HISTOIRE - sparklingconseils","og_description":"MON HISTOIRE sparklingconseils -","og_url":"https:\/\/sparklingconseils.com\/?page_id=204","og_site_name":"sparklingconseils","article_publisher":"https:\/\/www.facebook.com\/p\/Sparkling-Conseils-61571763194408\/","article_modified_time":"2025-09-28T08:06:53+00:00","og_image":[{"width":2560,"height":1707,"url":"http:\/\/sparklingconseils.com\/wp-content\/uploads\/2025\/01\/MG_0148-copie-2-scaled.jpg","type":"image\/jpeg"}],"twitter_card":"summary_large_image","twitter_misc":{"Dur\u00e9e de lecture estim\u00e9e":"4 minutes"},"schema":{"@context":"https:\/\/schema.org","@graph":[{"@type":"WebPage","@id":"https:\/\/sparklingconseils.com\/?page_id=204","url":"https:\/\/sparklingconseils.com\/?page_id=204","name":"MON HISTOIRE - sparklingconseils","isPartOf":{"@id":"https:\/\/sparklingconseils.com\/#website"},"primaryImageOfPage":{"@id":"https:\/\/sparklingconseils.com\/?page_id=204#primaryimage"},"image":{"@id":"https:\/\/sparklingconseils.com\/?page_id=204#primaryimage"},"thumbnailUrl":"https:\/\/sparklingconseils.com\/wp-content\/uploads\/2025\/01\/MG_0148-copie-2-scaled.jpg","datePublished":"2025-03-14T09:35:37+00:00","dateModified":"2025-09-28T08:06:53+00:00","description":"MON HISTOIRE sparklingconseils -","breadcrumb":{"@id":"https:\/\/sparklingconseils.com\/?page_id=204#breadcrumb"},"inLanguage":"fr-FR","potentialAction":[{"@type":"ReadAction","target":["https:\/\/sparklingconseils.com\/?page_id=204"]}]},{"@type":"ImageObject","inLanguage":"fr-FR","@id":"https:\/\/sparklingconseils.com\/?page_id=204#primaryimage","url":"https:\/\/sparklingconseils.com\/wp-content\/uploads\/2025\/01\/MG_0148-copie-2-scaled.jpg","contentUrl":"https:\/\/sparklingconseils.com\/wp-content\/uploads\/2025\/01\/MG_0148-copie-2-scaled.jpg","width":2560,"height":1707},{"@type":"BreadcrumbList","@id":"https:\/\/sparklingconseils.com\/?page_id=204#breadcrumb","itemListElement":[{"@type":"ListItem","position":1,"name":"Accueil","item":"https:\/\/sparklingconseils.com\/"},{"@type":"ListItem","position":2,"name":"MON HISTOIRE"}]},{"@type":"WebSite","@id":"https:\/\/sparklingconseils.com\/#website","url":"https:\/\/sparklingconseils.com\/","name":"sparklingconseils","description":"Formation et accompagnement pour investir dans l&#039;immobilier","publisher":{"@id":"https:\/\/sparklingconseils.com\/#organization"},"potentialAction":[{"@type":"SearchAction","target":{"@type":"EntryPoint","urlTemplate":"https:\/\/sparklingconseils.com\/?s={search_term_string}"},"query-input":{"@type":"PropertyValueSpecification","valueRequired":true,"valueName":"search_term_string"}}],"inLanguage":"fr-FR"},{"@type":"Organization","@id":"https:\/\/sparklingconseils.com\/#organization","name":"sparklingconseils","url":"https:\/\/sparklingconseils.com\/","logo":{"@type":"ImageObject","inLanguage":"fr-FR","@id":"https:\/\/sparklingconseils.com\/#\/schema\/logo\/image\/","url":"https:\/\/sparklingconseils.com\/wp-content\/uploads\/2025\/03\/cropped-Logo-rouge-Sparkling-CONSEILS.png","contentUrl":"https:\/\/sparklingconseils.com\/wp-content\/uploads\/2025\/03\/cropped-Logo-rouge-Sparkling-CONSEILS.png","width":500,"height":248,"caption":"sparklingconseils"},"image":{"@id":"https:\/\/sparklingconseils.com\/#\/schema\/logo\/image\/"},"sameAs":["https:\/\/www.facebook.com\/p\/Sparkling-Conseils-61571763194408\/","https:\/\/www.instagram.com\/sparkling.conseils\/","https:\/\/www.tiktok.com\/@sparklingconseils"]}]}},"_links":{"self":[{"href":"https:\/\/sparklingconseils.com\/index.php?rest_route=\/wp\/v2\/pages\/204","targetHints":{"allow":["GET"]}}],"collection":[{"href":"https:\/\/sparklingconseils.com\/index.php?rest_route=\/wp\/v2\/pages"}],"about":[{"href":"https:\/\/sparklingconseils.com\/index.php?rest_route=\/wp\/v2\/types\/page"}],"author":[{"embeddable":true,"href":"https:\/\/sparklingconseils.com\/index.php?rest_route=\/wp\/v2\/users\/1"}],"replies":[{"embeddable":true,"href":"https:\/\/sparklingconseils.com\/index.php?rest_route=%2Fwp%2Fv2%2Fcomments&post=204"}],"version-history":[{"count":76,"href":"https:\/\/sparklingconseils.com\/index.php?rest_route=\/wp\/v2\/pages\/204\/revisions"}],"predecessor-version":[{"id":1079,"href":"https:\/\/sparklingconseils.com\/index.php?rest_route=\/wp\/v2\/pages\/204\/revisions\/1079"}],"wp:featuredmedia":[{"embeddable":true,"href":"https:\/\/sparklingconseils.com\/index.php?rest_route=\/wp\/v2\/media\/85"}],"wp:attachment":[{"href":"https:\/\/sparklingconseils.com\/index.php?rest_route=%2Fwp%2Fv2%2Fmedia&parent=204"}],"curies":[{"name":"wp","href":"https:\/\/api.w.org\/{rel}","templated":true}]}}